

{"id":113,"date":"2022-12-20T17:23:50","date_gmt":"2022-12-20T16:23:50","guid":{"rendered":"https:\/\/beaware.inria.fr\/?page_id=113"},"modified":"2025-10-13T18:22:23","modified_gmt":"2025-10-13T16:22:23","slug":"communications","status":"publish","type":"page","link":"https:\/\/beaware.inria.fr\/fr\/communications\/","title":{"rendered":"Communications"},"content":{"rendered":"\n<ul class=\"wp-block-list\">\n<li><a href=\"https:\/\/theconversation.com\/546-kilos-de-dechets-dans-votre-salon-et-si-la-realite-augmentee-venait-au-secours-de-lenvironnement-196514\">546 kilos de d\u00e9chets dans votre salon&nbsp;: et si la r\u00e9alit\u00e9 augment\u00e9e venait au&nbsp;secours de&nbsp;l\u2019environnement&nbsp;?<\/a> The conversation &#8211; Dec. 2022<\/li>\n<\/ul>\n\n\n\n<div id=\"wphal-content\"><div id=\"meta\">\n        <div class=\"display\" id=\"wphal-contact\" style=\"display: none\">\n            <h3 class=\"wphal-titre\">Contact<\/h3>\n\n            <ul id=\"wphal-cont\" style=\"list-style-type: none\"><\/ul>\n        <\/div>\n        <div class=\"display\" id=\"wphal-disciplines\" style=\"display: none\">\n            <h3 class=\"wphal-titre\">Disciplines<\/h3><\/div>\n        <div class=\"display\" id=\"wphal-keywords\" style=\"display: none\">\n            <h3 class=\"wphal-titre\">Mots-clefs<\/h3><\/div>\n        <div class=\"display\" id=\"wphal-auteurs\" style=\"display: none\">\n            <h3 class=\"wphal-titre\">Auteurs<\/h3><\/div>\n        <div class=\"display\" id=\"wphal-affiliated\" style=\"display: none\">\n            <h3 class=\"wphal-titre\">Auteurs de la structure<\/h3><\/div>\n        <div class=\"display\" id=\"wphal-revues\" style=\"display: none\">\n            <h3 class=\"wphal-titre\">Revues<\/h3><\/div>\n        <div class=\"display\" id=\"wphal-annees\" style=\"display: none\">\n            <h3 class=\"wphal-titre\">Ann\u00e9e de production<\/h3><\/div>\n        <div class=\"display\" id=\"wphal-insts\" style=\"display: none\">\n            <h3 class=\"wphal-titre\">Institutions<\/h3><\/div>\n       <div class=\"display\" id=\"wphal-labs\" style=\"display: none\">\n            <h3 class=\"wphal-titre\">Laboratoires<\/h3><\/div>\n       <div class=\"display\" id=\"wphal-depts\" style=\"display: none\">\n            <h3 class=\"wphal-titre\">D\u00e9partements<\/h3><\/div>\n       <div class=\"display\" id=\"wphal-equipes\" style=\"display: none\">\n            <h3 class=\"wphal-titre\">\u00c9quipes de recherche<\/h3><\/div>\n    <div class=\"display\" id=\"publications\"><div class=\"counter-doc\"><span class=\"wphal-nbtot\">10 <\/span>documents<\/div><br><ul><li>Aymeric Ferron, Leni Yang, Adrien Corn, Yvonne Jansen, Pierre Dragicevic, et al.. AR Data Ribbon: Break the Frame and Unroll Data in the Air. <i>AVI \u201926 - 18th International Conference on Advanced Visual Interfaces<\/i>, ACM, Jun 2026, Venise, Italy. <a target=\"_blank\" href=\"https:\/\/dx.doi.org\/10.1145\/3811427.3811497\">&#x27E8;10.1145\/3811427.3811497&#x27E9;<\/a>. <a target=\"_blank\" href=\"https:\/\/inria.hal.science\/hal-05601415v1\">&#x27E8;hal-05601415&#x27E9;<\/a><\/li><li>Aymeric Ferron, Elpida Bampouni, Yvonne Jansen, Arka Majhi, Juho Hamari, et al.. Memorability of Greenhouse Gas Emissions in Virtual Reality: An Evaluation of Enactment and Quiz-Based Gamification. <i>AVI 2026 - 18th International Conference on Advanced Visual Interfaces<\/i>, ACM, Jun 2026, Venise, Italy. <a target=\"_blank\" href=\"https:\/\/dx.doi.org\/10.1145\/3811427.3811438\">&#x27E8;10.1145\/3811427.3811438&#x27E9;<\/a>. <a target=\"_blank\" href=\"https:\/\/inria.hal.science\/hal-05606263v1\">&#x27E8;hal-05606263&#x27E9;<\/a><\/li><li>Aymeric Ferron, Ambre Assor, Pierre Dragicevic, Yvonne Jansen. Investigating the Effects of Augmented Reality on Message Credibility When Visualizing Environmental Impacts. <i>IEEE Transactions on Visualization and Computer Graphics<\/i>, 2026, 32 (1), pp.1087-1097. <a target=\"_blank\" href=\"https:\/\/dx.doi.org\/10.1109\/TVCG.2025.3634786\">&#x27E8;10.1109\/TVCG.2025.3634786&#x27E9;<\/a>. <a target=\"_blank\" href=\"https:\/\/hal.science\/hal-05200516v2\">&#x27E8;hal-05200516v2&#x27E9;<\/a><\/li><li>Leni Yang, Pierre Dragicevic, Yvonne Jansen. Making Data Harder to Read: Visualizations that Intentionally Increase Time and Effort. <i>VIS 2025 - Workshop on Visualization for Communication at IEEE Visualization Conference<\/i>, Nov 2025, Vienne, Austria. <a target=\"_blank\" href=\"https:\/\/dx.doi.org\/10.1109\/VisComm69388.2025.00006\">&#x27E8;10.1109\/VisComm69388.2025.00006&#x27E9;<\/a>. <a target=\"_blank\" href=\"https:\/\/inria.hal.science\/hal-05372969v1\">&#x27E8;hal-05372969&#x27E9;<\/a><\/li><li>Aymeric Ferron, Yvonne Jansen, Martin Hachet. AROM: Rambling Along Data in Augmented Reality to Explore Large Order of Magnitude Values. <i>VIS 2025 - Workshop on Visualization for Communication at IEEE Visualization Conference<\/i>, Nov 2025, Vienne, Austria. <a target=\"_blank\" href=\"https:\/\/hal.science\/hal-05224602v1\">&#x27E8;hal-05224602&#x27E9;<\/a><\/li><li>Juliette Le Meudec, Vincent Casamayou, Adrien Corn, Justin Dillmann, Aymeric Ferron. Treeam: an Immersive and Collaborative Serious Game About Trees and Forest. <i>VRW 2025 - IEEE Conference on Virtual Reality and 3D User Interfaces Abstracts and Workshops<\/i>, Mar 2025, Saint Malo, France. pp.1536-1537, <a target=\"_blank\" href=\"https:\/\/dx.doi.org\/10.1109\/VRW66409.2025.00413\">&#x27E8;10.1109\/VRW66409.2025.00413&#x27E9;<\/a>. <a target=\"_blank\" href=\"https:\/\/hal.science\/hal-05158583v1\">&#x27E8;hal-05158583&#x27E9;<\/a><\/li><li>Edwige Chauvergne, Aymeric Ferron, Pierre Dragicevic. The Weight of Our Decisions: Encoding Carbon Impact with Physical Load. <i>IHM 2024 - 35e Conf\u00e9rence Internationale Francophone sur l'Interaction Humain-Machine<\/i>, Mar 2024, Paris, France. <a target=\"_blank\" href=\"https:\/\/hal.science\/hal-04486642v1\">&#x27E8;hal-04486642&#x27E9;<\/a><\/li><li>Aymeric Ferron, Martin Hachet, Yvonne Jansen. Visualizing the Environmental Impact of Dietary Choices: Exploring an Interactive Mini-World as a Proxy to Communicate Three Planetary Boundaries. <i>35th Conference on l'Interaction Humain-Machine (IHM '24)<\/i>, Mar 2024, Paris, France. <a target=\"_blank\" href=\"https:\/\/dx.doi.org\/10.1145\/3649792.3649804\">&#x27E8;10.1145\/3649792.3649804&#x27E9;<\/a>. <a target=\"_blank\" href=\"https:\/\/hal.science\/hal-04484088v1\">&#x27E8;hal-04484088&#x27E9;<\/a><\/li><li>Ambre Assor, Arnaud Prouzeau, Pierre Dragicevic, Martin Hachet. Augmented-Reality Waste Accumulation Visualizations. <i>ACM Journal on Computing and Sustainable Societies<\/i>, 2024, 2 (11), pp.29. <a target=\"_blank\" href=\"https:\/\/dx.doi.org\/10.1145\/3636970\">&#x27E8;10.1145\/3636970&#x27E9;<\/a>. <a target=\"_blank\" href=\"https:\/\/hal.science\/hal-04399489v1\">&#x27E8;hal-04399489&#x27E9;<\/a><\/li><li>Yvonne Jansen, Ambre Assor, Pierre Dragicevic, Aymeric Ferron, Arnaud Prouzeau, et al.. An Interdisciplinary Approach to Designing and Evaluating Data-Driven Interactive Experiences for Sustainable Decision-Making. <i>Workshop on HCI for Climate Change at CHI 2023<\/i>, Apr 2023, Hamburg, Germany. <a target=\"_blank\" href=\"https:\/\/dx.doi.org\/10.5281\/zenodo.7961762\">&#x27E8;10.5281\/zenodo.7961762&#x27E9;<\/a>. <a target=\"_blank\" href=\"https:\/\/inria.hal.science\/hal-04103414v1\">&#x27E8;hal-04103414&#x27E9;<\/a><\/li><\/ul><\/div>\n    <\/div>\n<\/div><div class=\"wphal-footer\"><p style=\"color:#B3B2B0\">Documents r\u00e9cup\u00e9r\u00e9s de l'archive ouverte HAL&nbsp;<a href=\"https:\/\/hal.science\/\" target=\"_blank\"><img decoding=\"async\" alt=\"logo\" src=\"https:\/\/beaware.inria.fr\/wp-content\/plugins\/hal\/img\/logo-hal.png\" style=\"width:90px\"><\/a><\/p><\/div>\n\n\n\n<div class=\"wp-block-columns is-layout-flex wp-container-core-columns-is-layout-9d6595d7 wp-block-columns-is-layout-flex\">\n<div class=\"wp-block-column is-layout-flow wp-block-column-is-layout-flow\">\n<figure class=\"wp-block-embed is-type-video is-provider-youtube wp-block-embed-youtube wp-embed-aspect-16-9 wp-has-aspect-ratio\"><div class=\"wp-block-embed__wrapper\">\n<iframe loading=\"lazy\" title=\"ARwavs\" width=\"900\" height=\"506\" src=\"https:\/\/www.youtube.com\/embed\/9ovvtLKP6x0?feature=oembed\" frameborder=\"0\" allow=\"accelerometer; autoplay; clipboard-write; encrypted-media; gyroscope; picture-in-picture; web-share\" referrerpolicy=\"strict-origin-when-cross-origin\" allowfullscreen><\/iframe>\n<\/div><\/figure>\n<\/div>\n\n\n\n<div class=\"wp-block-column is-layout-flow wp-block-column-is-layout-flow\">\n<figure class=\"wp-block-embed is-type-video is-provider-youtube wp-block-embed-youtube wp-embed-aspect-16-9 wp-has-aspect-ratio\"><div class=\"wp-block-embed__wrapper\">\n<iframe loading=\"lazy\" title=\"AROM: Rambling Along Data in Augmented Reality to Explore Large Order of Magnitude Values\" width=\"900\" height=\"506\" src=\"https:\/\/www.youtube.com\/embed\/LPmnycuh-vM?feature=oembed\" frameborder=\"0\" allow=\"accelerometer; autoplay; clipboard-write; encrypted-media; gyroscope; picture-in-picture; web-share\" referrerpolicy=\"strict-origin-when-cross-origin\" allowfullscreen><\/iframe>\n<\/div><\/figure>\n<\/div>\n\n\n\n<div class=\"wp-block-column is-layout-flow wp-block-column-is-layout-flow\">\n<figure class=\"wp-block-embed is-type-video is-provider-youtube wp-block-embed-youtube wp-embed-aspect-16-9 wp-has-aspect-ratio\"><div class=\"wp-block-embed__wrapper\">\n<iframe loading=\"lazy\" title=\"Ferron et. al, IEEE VIS &#039;25 - Supplementary video\" width=\"900\" height=\"506\" src=\"https:\/\/www.youtube.com\/embed\/1_AUrbCy1w0?feature=oembed\" frameborder=\"0\" allow=\"accelerometer; autoplay; clipboard-write; encrypted-media; gyroscope; picture-in-picture; web-share\" referrerpolicy=\"strict-origin-when-cross-origin\" allowfullscreen><\/iframe>\n<\/div><\/figure>\n<\/div>\n<\/div>\n\n\n\n<div class=\"wp-block-columns is-layout-flex wp-container-core-columns-is-layout-9d6595d7 wp-block-columns-is-layout-flex\">\n<div class=\"wp-block-column is-vertically-aligned-center is-layout-flow wp-block-column-is-layout-flow\"><\/div>\n<\/div>\n\n\n\n<p><\/p>\n","protected":false},"excerpt":{"rendered":"<p> <a class=\"continue-reading-link\" href=\"https:\/\/beaware.inria.fr\/fr\/communications\/\"><span>Continue reading<\/span><i class=\"crycon-right-dir\"><\/i><\/a> <\/p>\n","protected":false},"author":858,"featured_media":0,"parent":0,"menu_order":0,"comment_status":"closed","ping_status":"closed","template":"","meta":{"footnotes":""},"class_list":["post-113","page","type-page","status-publish","hentry"],"_links":{"self":[{"href":"https:\/\/beaware.inria.fr\/fr\/wp-json\/wp\/v2\/pages\/113","targetHints":{"allow":["GET"]}}],"collection":[{"href":"https:\/\/beaware.inria.fr\/fr\/wp-json\/wp\/v2\/pages"}],"about":[{"href":"https:\/\/beaware.inria.fr\/fr\/wp-json\/wp\/v2\/types\/page"}],"author":[{"embeddable":true,"href":"https:\/\/beaware.inria.fr\/fr\/wp-json\/wp\/v2\/users\/858"}],"replies":[{"embeddable":true,"href":"https:\/\/beaware.inria.fr\/fr\/wp-json\/wp\/v2\/comments?post=113"}],"version-history":[{"count":30,"href":"https:\/\/beaware.inria.fr\/fr\/wp-json\/wp\/v2\/pages\/113\/revisions"}],"predecessor-version":[{"id":340,"href":"https:\/\/beaware.inria.fr\/fr\/wp-json\/wp\/v2\/pages\/113\/revisions\/340"}],"wp:attachment":[{"href":"https:\/\/beaware.inria.fr\/fr\/wp-json\/wp\/v2\/media?parent=113"}],"curies":[{"name":"wp","href":"https:\/\/api.w.org\/{rel}","templated":true}]}}