

{"id":4,"date":"2011-12-08T11:55:34","date_gmt":"2011-12-08T11:55:34","guid":{"rendered":"http:\/\/project.inria.fr\/template1\/?page_id=4"},"modified":"2025-04-23T11:37:50","modified_gmt":"2025-04-23T09:37:50","slug":"home","status":"publish","type":"page","link":"https:\/\/beaware.inria.fr\/fr\/","title":{"rendered":"Accueil"},"content":{"rendered":"<p><\/p>\n<div class=\"column\">\n<div class=\"column\"><\/div>\n<p><div id=\"attachment_80\" style=\"width: 1198px\" class=\"wp-caption alignnone\"><a href=\"https:\/\/beaware.inria.fr\/files\/2022\/12\/beaware-web.jpeg\"><img loading=\"lazy\" decoding=\"async\" aria-describedby=\"caption-attachment-80\" class=\"wp-image-80 size-full\" src=\"https:\/\/beaware.inria.fr\/files\/2022\/12\/beaware-web.jpeg\" alt=\"\" width=\"1188\" height=\"269\" srcset=\"https:\/\/beaware.inria.fr\/files\/2022\/12\/beaware-web.jpeg 1188w, https:\/\/beaware.inria.fr\/files\/2022\/12\/beaware-web-300x68.jpeg 300w, https:\/\/beaware.inria.fr\/files\/2022\/12\/beaware-web-768x174.jpeg 768w, https:\/\/beaware.inria.fr\/files\/2022\/12\/beaware-web-1024x232.jpeg 1024w, https:\/\/beaware.inria.fr\/files\/2022\/12\/beaware-web-150x34.jpeg 150w\" sizes=\"auto, (max-width: 1188px) 100vw, 1188px\" \/><\/a><p id=\"caption-attachment-80\" class=\"wp-caption-text\">Exemple d&rsquo;exp\u00e9riences de visualisation en r\u00e9alit\u00e9 augment\u00e9e. Gobelets en plastique \u00e0 usage unique accumul\u00e9s pendant une p\u00e9riode donn\u00e9e (\u00e0 gauche) ; Mati\u00e8res excav\u00e9es et d\u00e9plac\u00e9es pour fabriquer environ huit smartphones (au milieu) ; Volume d&rsquo;eau sale produit, visualis\u00e9 dans une salle de bain comme si elle \u00e9tait inond\u00e9e (\u00e0 droite).\u00a0Images issues de [<a href=\"https:\/\/dl.acm.org\/doi\/10.1145\/3636970\">Assor et al.<\/a>]<\/p><\/div><\/div>\n<div class=\"column\">\n<div class=\"column\">\n<p><strong>Be\u00b7aware <\/strong>est un projet collaboratif financ\u00e9 par l&rsquo;<span style=\"font-family: 'Source Sans Pro';\">\u00a0<\/span><a href=\"https:\/\/anr.fr\/\">ANR<\/a><span style=\"font-family: 'Source Sans Pro';\"> (Agence Nationale de la Recherche, ANR-22-CE33-0003<\/span><span style=\"font-family: 'Source Sans Pro';\">) qui regroupe trois \u00e9quipes travaillant respectivement dans le domaine de \u00a0l&rsquo;\u00a0<\/span><strong>IHM <\/strong>et la <strong>Visualisation, <\/strong>l&rsquo;<strong>\u00e9conomie exp\u00e9rimentale<\/strong><span style=\"font-family: 'Source Sans Pro';\">, et les <strong>sciences de l&rsquo;environnement<\/strong><\/span><span style=\"font-family: 'Source Sans Pro';\">:<\/span><\/p>\n<\/div>\n<ul>\n<li>L&rsquo;\u00e9quipe-projet <a href=\"https:\/\/www.bivwac.fr\/\">Bivwac<\/a> (ex Potioc) (Inria, Univ. Bordeaux, CNRS) &#8211; Bordeaux,<\/li>\n<li><a href=\"https:\/\/www.essec.edu\/fr\/\">ESSEC <\/a>&#8211; Paris<\/li>\n<li>Le <a href=\"https:\/\/www.centre-cired.fr\">CIRED<\/a>\u00a0&#8211; Paris<\/li>\n<\/ul>\n<p>Ce projet a d\u00e9marr\u00e9 \u00e0 l&rsquo;automne 2022, et durera 4 ans.<\/p>\n<\/div>\n<h4>R\u00e9sum\u00e9<\/h4>\n<p>Be\u00b7aware\u00a0explore comment les syst\u00e8mes de r\u00e9alit\u00e9 augment\u00e9e (RA) peuvent r\u00e9duire la distance spatiale et temporelle entre les choix des gens et leurs impacts environnementaux. Nous concevons des visualisations interactives qui int\u00e8grent des cons\u00e9quences environnementales concr\u00e8tes (par exemple, l&rsquo;accumulation de d\u00e9chets, l&rsquo;extraction de terres rares) directement dans l&rsquo;environnement des gens. Cette recherche interdisciplinaire sera inform\u00e9e et valid\u00e9e par des exp\u00e9riences d&rsquo;\u00e9conomie comportementale incitatives et contr\u00f4l\u00e9es, bas\u00e9es sur des mod\u00e8les de la th\u00e9orie des jeux, et sera guid\u00e9e par des donn\u00e9es et des sc\u00e9narios environnementaux r\u00e9els.<\/p>\n<p><a href=\"https:\/\/beaware.inria.fr\/files\/2025\/01\/Schema_ANR.jpg\"><img loading=\"lazy\" decoding=\"async\" class=\"alignnone wp-image-166 size-large\" src=\"https:\/\/beaware.inria.fr\/files\/2025\/01\/Schema_ANR-1024x366.jpg\" alt=\"\" width=\"900\" height=\"322\" srcset=\"https:\/\/beaware.inria.fr\/files\/2025\/01\/Schema_ANR-1024x366.jpg 1024w, https:\/\/beaware.inria.fr\/files\/2025\/01\/Schema_ANR-300x107.jpg 300w, https:\/\/beaware.inria.fr\/files\/2025\/01\/Schema_ANR-768x275.jpg 768w, https:\/\/beaware.inria.fr\/files\/2025\/01\/Schema_ANR-1536x549.jpg 1536w, https:\/\/beaware.inria.fr\/files\/2025\/01\/Schema_ANR-2048x732.jpg 2048w, https:\/\/beaware.inria.fr\/files\/2025\/01\/Schema_ANR-150x54.jpg 150w\" sizes=\"auto, (max-width: 900px) 100vw, 900px\" \/><\/a><\/p>\n<h4>Participants<\/h4>\n<p>Pour <strong>Potioc <\/strong>: Martin Hachet (co-PI), Pierre Dragicevic, Yvonne Jansen, Arnaud Prouzeau, Fabien Lotte, \u00a0Ambre Assor, Aymeric Ferron, Adrien Corn.<\/p>\n<p>Pour l&rsquo;<strong>ESSEC<\/strong> :\u00a0<span style=\"font-family: 'Source Sans Pro';\">Angela Sutan (co-PI), Andrea Martinangeli (Paris ASSAS), <\/span><span style=\"font-family: 'Source Sans Pro';\">\u00a0Andrea Guido (PSB).<\/span><\/p>\n<p><span style=\"font-family: 'Source Sans Pro';\">Pour le <strong>Cired <\/strong>:\u00a0<\/span><span style=\"font-family: 'Source Sans Pro';\">Ce\u0301line Guivarch, Carine Barbier,\u00a0<\/span><span style=\"font-family: 'Source Sans Pro';\">Thomas Le Gallic.<\/span><\/p>\n<p>Partenaires externes : Ivan Ajdukovic, Eleonora Montagner, Eli Spiegelman (BSB).<\/p>\n<h5>Contact:<\/h5>\n<h5><a href=\"https:\/\/beaware.inria.fr\/files\/2022\/12\/mail.png\"><img loading=\"lazy\" decoding=\"async\" class=\"alignnone size-full wp-image-106\" src=\"https:\/\/beaware.inria.fr\/files\/2022\/12\/mail.png\" alt=\"\" width=\"150\" height=\"17\" \/><\/a><\/h5>\n<p><a href=\"https:\/\/beaware.inria.fr\/files\/2022\/12\/9e39a716-4b31-408b-94f2-3af40901e6ac1.png\"><img loading=\"lazy\" decoding=\"async\" class=\"alignnone wp-image-111 alignright\" src=\"https:\/\/beaware.inria.fr\/files\/2022\/12\/9e39a716-4b31-408b-94f2-3af40901e6ac1-300x300.png\" alt=\"\" width=\"80\" height=\"80\" srcset=\"https:\/\/beaware.inria.fr\/files\/2022\/12\/9e39a716-4b31-408b-94f2-3af40901e6ac1-300x300.png 300w, https:\/\/beaware.inria.fr\/files\/2022\/12\/9e39a716-4b31-408b-94f2-3af40901e6ac1-150x150.png 150w, https:\/\/beaware.inria.fr\/files\/2022\/12\/9e39a716-4b31-408b-94f2-3af40901e6ac1.png 320w\" sizes=\"auto, (max-width: 80px) 100vw, 80px\" \/><\/a><\/p>","protected":false},"excerpt":{"rendered":"<p>Be\u00b7aware est un projet collaboratif financ\u00e9 par l&rsquo;\u00a0ANR (Agence Nationale de la Recherche, ANR-22-CE33-0003) qui regroupe trois \u00e9quipes travaillant respectivement dans le domaine de \u00a0l&rsquo;\u00a0IHM et la Visualisation, l&rsquo;\u00e9conomie exp\u00e9rimentale, et les sciences de l&rsquo;environnement: L&rsquo;\u00e9quipe-projet Bivwac (ex Potioc) (Inria, Univ. Bordeaux, CNRS) &#8211; Bordeaux, ESSEC &#8211; Paris Le CIRED\u00a0&#8211;\u2026<\/p>\n<p> <a class=\"continue-reading-link\" href=\"https:\/\/beaware.inria.fr\/fr\/\"><span>Continue reading<\/span><i class=\"crycon-right-dir\"><\/i><\/a> <\/p>\n","protected":false},"author":1,"featured_media":0,"parent":0,"menu_order":0,"comment_status":"closed","ping_status":"open","template":"","meta":{"footnotes":""},"class_list":["post-4","page","type-page","status-publish","hentry"],"_links":{"self":[{"href":"https:\/\/beaware.inria.fr\/fr\/wp-json\/wp\/v2\/pages\/4","targetHints":{"allow":["GET"]}}],"collection":[{"href":"https:\/\/beaware.inria.fr\/fr\/wp-json\/wp\/v2\/pages"}],"about":[{"href":"https:\/\/beaware.inria.fr\/fr\/wp-json\/wp\/v2\/types\/page"}],"author":[{"embeddable":true,"href":"https:\/\/beaware.inria.fr\/fr\/wp-json\/wp\/v2\/users\/1"}],"replies":[{"embeddable":true,"href":"https:\/\/beaware.inria.fr\/fr\/wp-json\/wp\/v2\/comments?post=4"}],"version-history":[{"count":46,"href":"https:\/\/beaware.inria.fr\/fr\/wp-json\/wp\/v2\/pages\/4\/revisions"}],"predecessor-version":[{"id":233,"href":"https:\/\/beaware.inria.fr\/fr\/wp-json\/wp\/v2\/pages\/4\/revisions\/233"}],"wp:attachment":[{"href":"https:\/\/beaware.inria.fr\/fr\/wp-json\/wp\/v2\/media?parent=4"}],"curies":[{"name":"wp","href":"https:\/\/api.w.org\/{rel}","templated":true}]}}